{"id":135,"date":"2021-04-12T17:19:32","date_gmt":"2021-04-12T15:19:32","guid":{"rendered":"http:\/\/www.optimaison.fr\/?page_id=135"},"modified":"2021-04-13T11:14:08","modified_gmt":"2021-04-13T09:14:08","slug":"amenagement","status":"publish","type":"page","link":"http:\/\/www.optimaison.fr\/index.php\/page-d-exemple\/amenagement\/","title":{"rendered":"Am\u00e9nagement"},"content":{"rendered":"\n<h3 class=\"has-accent-color has-text-color wp-block-heading\">Vous avez trouv\u00e9 la maison de vos r\u00eaves&#8230;.<\/h3>\n\n\n\n<div class=\"wp-block-themeisle-blocks-advanced-columns has-2-columns has-desktop-equal-layout has-tablet-equal-layout has-mobile-collapsedRows-layout has-default-gap has-vertical-unset\" id=\"wp-block-themeisle-blocks-advanced-columns-09c98207\"><div class=\"wp-block-themeisle-blocks-advanced-columns-overlay\"><\/div><div class=\"innerblocks-wrap\">\n<div class=\"wp-block-themeisle-blocks-advanced-column\" id=\"wp-block-themeisle-blocks-advanced-column-250cc832\">\n<p class=\"has-text-color\" style=\"color:#ff8c0a\"><strong>Mais elle ne r\u00e9pond pas tout \u00e0 fait \u00e0 vos crit\u00e8res<\/strong><\/p>\n\n\n\n<p><\/p>\n\n\n\n<p class=\"has-black-color has-text-color\">Optimaison vous accompagne de A \u00e0 Z, pour qu&rsquo;elle soit conforme \u00e0 vos envies&#8230;.<\/p>\n<\/div>\n\n\n\n<div class=\"wp-block-themeisle-blocks-advanced-column\" id=\"wp-block-themeisle-blocks-advanced-column-6f39a9a9\">\n<figure class=\"wp-block-image size-large is-resized\"><img loading=\"lazy\" decoding=\"async\" src=\"http:\/\/www.optimaison.fr\/wp-content\/uploads\/2021\/04\/MAISON-1-AVANT-768x1024.jpg\" alt=\"\" class=\"wp-image-114\" width=\"430\" height=\"572\" srcset=\"http:\/\/www.optimaison.fr\/wp-content\/uploads\/2021\/04\/MAISON-1-AVANT-768x1024.jpg 768w, http:\/\/www.optimaison.fr\/wp-content\/uploads\/2021\/04\/MAISON-1-AVANT-225x300.jpg 225w, http:\/\/www.optimaison.fr\/wp-content\/uploads\/2021\/04\/MAISON-1-AVANT.jpg 960w\" sizes=\"auto, (max-width: 430px) 100vw, 430px\" \/><figcaption>Avant<\/figcaption><\/figure>\n<\/div>\n<\/div><\/div>\n\n\n\n<div class=\"wp-block-themeisle-blocks-advanced-columns has-2-columns has-desktop-equal-layout has-tablet-equal-layout has-mobile-collapsedRows-layout has-default-gap has-vertical-unset\" id=\"wp-block-themeisle-blocks-advanced-columns-2a1ab4cb\"><div class=\"wp-block-themeisle-blocks-advanced-columns-overlay\"><\/div><div class=\"innerblocks-wrap\">\n<div class=\"wp-block-themeisle-blocks-advanced-column\" id=\"wp-block-themeisle-blocks-advanced-column-2757eaa4\">\n<div class=\"wp-block-image\"><figure class=\"aligncenter size-large is-resized\"><img loading=\"lazy\" decoding=\"async\" src=\"http:\/\/www.optimaison.fr\/wp-content\/uploads\/2021\/04\/MAISON-1-APRES-2.jpg\" alt=\"\" class=\"wp-image-145\" width=\"546\" height=\"854\" srcset=\"http:\/\/www.optimaison.fr\/wp-content\/uploads\/2021\/04\/MAISON-1-APRES-2.jpg 475w, http:\/\/www.optimaison.fr\/wp-content\/uploads\/2021\/04\/MAISON-1-APRES-2-192x300.jpg 192w\" sizes=\"auto, (max-width: 546px) 100vw, 546px\" \/><figcaption>Apr\u00e8s<\/figcaption><\/figure><\/div>\n<\/div>\n\n\n\n<div class=\"wp-block-themeisle-blocks-advanced-column\" id=\"wp-block-themeisle-blocks-advanced-column-bae04481\">\n<ol class=\"wp-block-list\"><li>Contre visite technique avant achat<\/li><li>Proposition de plan d&rsquo;am\u00e9nagement<\/li><li>Budg\u00e9tisation des travaux<\/li><li>Gestion des d\u00e9marches administratives<\/li><li>Suivi des artisans jusqu&rsquo;\u00e0 la fin du chantier<\/li><\/ol>\n<\/div>\n<\/div><\/div>\n","protected":false},"excerpt":{"rendered":"<p>Vous avez trouv\u00e9 la maison de vos r\u00eaves&#8230;.<\/p>\n","protected":false},"author":1,"featured_media":0,"parent":2,"menu_order":0,"comment_status":"closed","ping_status":"closed","template":"","meta":{"footnotes":""},"class_list":["post-135","page","type-page","status-publish","hentry"],"_links":{"self":[{"href":"http:\/\/www.optimaison.fr\/index.php\/wp-json\/wp\/v2\/pages\/135","targetHints":{"allow":["GET"]}}],"collection":[{"href":"http:\/\/www.optimaison.fr\/index.php\/wp-json\/wp\/v2\/pages"}],"about":[{"href":"http:\/\/www.optimaison.fr\/index.php\/wp-json\/wp\/v2\/types\/page"}],"author":[{"embeddable":true,"href":"http:\/\/www.optimaison.fr\/index.php\/wp-json\/wp\/v2\/users\/1"}],"replies":[{"embeddable":true,"href":"http:\/\/www.optimaison.fr\/index.php\/wp-json\/wp\/v2\/comments?post=135"}],"version-history":[{"count":4,"href":"http:\/\/www.optimaison.fr\/index.php\/wp-json\/wp\/v2\/pages\/135\/revisions"}],"predecessor-version":[{"id":169,"href":"http:\/\/www.optimaison.fr\/index.php\/wp-json\/wp\/v2\/pages\/135\/revisions\/169"}],"up":[{"embeddable":true,"href":"http:\/\/www.optimaison.fr\/index.php\/wp-json\/wp\/v2\/pages\/2"}],"wp:attachment":[{"href":"http:\/\/www.optimaison.fr\/index.php\/wp-json\/wp\/v2\/media?parent=135"}],"curies":[{"name":"wp","href":"https:\/\/api.w.org\/{rel}","templated":true}]}}