{"id":147,"date":"2021-04-12T17:33:03","date_gmt":"2021-04-12T15:33:03","guid":{"rendered":"http:\/\/www.optimaison.fr\/?page_id=147"},"modified":"2025-12-01T08:57:53","modified_gmt":"2025-12-01T07:57:53","slug":"construction","status":"publish","type":"page","link":"http:\/\/www.optimaison.fr\/index.php\/page-d-exemple\/construction\/","title":{"rendered":"Construction"},"content":{"rendered":"\n<h3 class=\"wp-block-heading has-accent-color has-text-color\">B\u00e2tissez vos envies<\/h3>\n\n\n\n<p><\/p>\n\n\n\n<div class=\"wp-block-themeisle-blocks-advanced-columns has-2-columns has-desktop-equal-layout has-tablet-equal-layout has-mobile-collapsedRows-layout has-default-gap has-vertical-unset\" id=\"wp-block-themeisle-blocks-advanced-columns-438cc1fb\"><div class=\"wp-block-themeisle-blocks-advanced-columns-overlay\"><\/div><div class=\"innerblocks-wrap\">\n\n<div class=\"wp-block-themeisle-blocks-advanced-column\" id=\"wp-block-themeisle-blocks-advanced-column-f89550e3\">\n\n<figure class=\"wp-block-image size-large\"><img loading=\"lazy\" decoding=\"async\" width=\"672\" height=\"240\" src=\"http:\/\/www.optimaison.fr\/wp-content\/uploads\/2021\/04\/MAISON-7-PROJET-1.jpg\" alt=\"\" class=\"wp-image-164\" srcset=\"http:\/\/www.optimaison.fr\/wp-content\/uploads\/2021\/04\/MAISON-7-PROJET-1.jpg 672w, http:\/\/www.optimaison.fr\/wp-content\/uploads\/2021\/04\/MAISON-7-PROJET-1-300x107.jpg 300w\" sizes=\"auto, (max-width: 672px) 100vw, 672px\" \/><\/figure>\n\n<\/div>\n\n\n<div class=\"wp-block-themeisle-blocks-advanced-column\" id=\"wp-block-themeisle-blocks-advanced-column-940ce629\">\n\n<p class=\"has-text-color\" style=\"color:#ff8c0a\"><strong>Optimaison vous accompagne de l&rsquo;id\u00e9e \u00e0 la remise des clefs<\/strong><\/p>\n\n<\/div>\n\n<\/div><\/div>\n\n\n\n<ol class=\"wp-block-list\">\n<li>Aide \u00e0 la recherche d&rsquo;un terrain correspondant \u00e0 vos envies<\/li>\n\n\n\n<li>Recueil de vos souhaits et mise en ad\u00e9quation avec le PLU<\/li>\n\n\n\n<li>Budget et chiffrage des travaux<\/li>\n\n\n\n<li>D\u00e9p\u00f4t de permis de construire<\/li>\n\n\n\n<li>R\u00e9alisation des plans d&rsquo;ex\u00e9cution pour les artisans<\/li>\n\n\n\n<li>Gestion des demandes de raccordement<\/li>\n\n\n\n<li>Consultation des artisans<\/li>\n\n\n\n<li>Comparaison des devis et aide au choix<\/li>\n\n\n\n<li>Suivi des travaux<\/li>\n\n\n\n<li>Lev\u00e9e des r\u00e9serves jusqu&rsquo;\u00e0 la remise des clefs<\/li>\n<\/ol>\n\n\n\n<figure class=\"wp-block-image size-full\"><img loading=\"lazy\" decoding=\"async\" width=\"898\" height=\"673\" src=\"https:\/\/www.optimaison.fr\/wp-content\/uploads\/2025\/12\/Cm-1.png\" alt=\"\" class=\"wp-image-299\" srcset=\"http:\/\/www.optimaison.fr\/wp-content\/uploads\/2025\/12\/Cm-1.png 898w, http:\/\/www.optimaison.fr\/wp-content\/uploads\/2025\/12\/Cm-1-300x225.png 300w, http:\/\/www.optimaison.fr\/wp-content\/uploads\/2025\/12\/Cm-1-768x576.png 768w\" sizes=\"auto, (max-width: 898px) 100vw, 898px\" \/><\/figure>\n\n\n\n<figure class=\"wp-block-image size-full\"><img loading=\"lazy\" decoding=\"async\" width=\"895\" height=\"670\" src=\"https:\/\/www.optimaison.fr\/wp-content\/uploads\/2025\/12\/cm2.png\" alt=\"\" class=\"wp-image-300\" srcset=\"http:\/\/www.optimaison.fr\/wp-content\/uploads\/2025\/12\/cm2.png 895w, http:\/\/www.optimaison.fr\/wp-content\/uploads\/2025\/12\/cm2-300x225.png 300w, http:\/\/www.optimaison.fr\/wp-content\/uploads\/2025\/12\/cm2-768x575.png 768w\" sizes=\"auto, (max-width: 895px) 100vw, 895px\" \/><\/figure>\n\n\n\n<figure class=\"wp-block-image size-full\"><img loading=\"lazy\" decoding=\"async\" width=\"889\" height=\"666\" src=\"https:\/\/www.optimaison.fr\/wp-content\/uploads\/2025\/12\/cm3.png\" alt=\"\" class=\"wp-image-301\" srcset=\"http:\/\/www.optimaison.fr\/wp-content\/uploads\/2025\/12\/cm3.png 889w, http:\/\/www.optimaison.fr\/wp-content\/uploads\/2025\/12\/cm3-300x225.png 300w, http:\/\/www.optimaison.fr\/wp-content\/uploads\/2025\/12\/cm3-768x575.png 768w\" sizes=\"auto, (max-width: 889px) 100vw, 889px\" \/><\/figure>\n\n\n\n<figure class=\"wp-block-image size-full\"><img loading=\"lazy\" decoding=\"async\" width=\"892\" height=\"672\" src=\"https:\/\/www.optimaison.fr\/wp-content\/uploads\/2025\/12\/cm4.png\" alt=\"\" class=\"wp-image-302\" srcset=\"http:\/\/www.optimaison.fr\/wp-content\/uploads\/2025\/12\/cm4.png 892w, http:\/\/www.optimaison.fr\/wp-content\/uploads\/2025\/12\/cm4-300x226.png 300w, http:\/\/www.optimaison.fr\/wp-content\/uploads\/2025\/12\/cm4-768x579.png 768w\" sizes=\"auto, (max-width: 892px) 100vw, 892px\" \/><\/figure>\n\n\n\n<figure class=\"wp-block-image size-full\"><img loading=\"lazy\" decoding=\"async\" width=\"892\" height=\"673\" src=\"https:\/\/www.optimaison.fr\/wp-content\/uploads\/2025\/12\/cm5.png\" alt=\"\" class=\"wp-image-303\" srcset=\"http:\/\/www.optimaison.fr\/wp-content\/uploads\/2025\/12\/cm5.png 892w, http:\/\/www.optimaison.fr\/wp-content\/uploads\/2025\/12\/cm5-300x226.png 300w, http:\/\/www.optimaison.fr\/wp-content\/uploads\/2025\/12\/cm5-768x579.png 768w\" sizes=\"auto, (max-width: 892px) 100vw, 892px\" \/><\/figure>\n","protected":false},"excerpt":{"rendered":"<p>B\u00e2tissez vos envies<\/p>\n","protected":false},"author":1,"featured_media":166,"parent":2,"menu_order":0,"comment_status":"closed","ping_status":"closed","template":"","meta":{"footnotes":""},"class_list":["post-147","page","type-page","status-publish","has-post-thumbnail","hentry"],"_links":{"self":[{"href":"http:\/\/www.optimaison.fr\/index.php\/wp-json\/wp\/v2\/pages\/147","targetHints":{"allow":["GET"]}}],"collection":[{"href":"http:\/\/www.optimaison.fr\/index.php\/wp-json\/wp\/v2\/pages"}],"about":[{"href":"http:\/\/www.optimaison.fr\/index.php\/wp-json\/wp\/v2\/types\/page"}],"author":[{"embeddable":true,"href":"http:\/\/www.optimaison.fr\/index.php\/wp-json\/wp\/v2\/users\/1"}],"replies":[{"embeddable":true,"href":"http:\/\/www.optimaison.fr\/index.php\/wp-json\/wp\/v2\/comments?post=147"}],"version-history":[{"count":4,"href":"http:\/\/www.optimaison.fr\/index.php\/wp-json\/wp\/v2\/pages\/147\/revisions"}],"predecessor-version":[{"id":304,"href":"http:\/\/www.optimaison.fr\/index.php\/wp-json\/wp\/v2\/pages\/147\/revisions\/304"}],"up":[{"embeddable":true,"href":"http:\/\/www.optimaison.fr\/index.php\/wp-json\/wp\/v2\/pages\/2"}],"wp:featuredmedia":[{"embeddable":true,"href":"http:\/\/www.optimaison.fr\/index.php\/wp-json\/wp\/v2\/media\/166"}],"wp:attachment":[{"href":"http:\/\/www.optimaison.fr\/index.php\/wp-json\/wp\/v2\/media?parent=147"}],"curies":[{"name":"wp","href":"https:\/\/api.w.org\/{rel}","templated":true}]}}