{"id":159,"date":"2021-04-12T17:42:32","date_gmt":"2021-04-12T15:42:32","guid":{"rendered":"http:\/\/www.optimaison.fr\/?page_id=159"},"modified":"2021-04-22T20:50:24","modified_gmt":"2021-04-22T18:50:24","slug":"economies","status":"publish","type":"page","link":"http:\/\/www.optimaison.fr\/index.php\/page-d-exemple\/economies\/","title":{"rendered":"Economies"},"content":{"rendered":"\n<h3 class=\"has-accent-color has-text-color wp-block-heading\">Votre maison est trop \u00e9nergivore&#8230;<\/h3>\n\n\n\n<p>Vous souhaitez faire des \u00e9conomies sur vos factures d&rsquo;\u00e9nergie mais ne savez pas comment vous y prendre ?<\/p>\n\n\n\n<p class=\"has-text-color\" style=\"color:#ff8c0a\"><strong>Optimaison \u00e9value gr\u00e2ce \u00e0 une cam\u00e9ra thermique votre habitation, analyse les diff\u00e9rentes pistes d&rsquo;am\u00e9lioration et vous pr\u00e9conise les travaux les plus adapt\u00e9s \u00e0 votre situation<\/strong><\/p>\n\n\n\n<ul class=\"wp-block-list\"><li>Analyse de vos factures et de vos consommation d&rsquo;\u00e9nergie : \u00e9lectricit\u00e9, gaz, eau <\/li><li>V\u00e9rification des ponts thermiques et de la qualit\u00e9 des pose d&rsquo;isolants en neuf et en r\u00e9novation gr\u00e2ce \u00e0 une analyse thermographique<\/li><li>Proposition de travaux avec les meilleurs retours sur investissement<\/li><li>V\u00e9rification thermique de votre tableau \u00e9lectrique (le tableau \u00e9lectrique est l&rsquo;origine de la premi\u00e8re cause des incendies chez les particulier)<\/li><li>Conseil pour les dossiers d&rsquo;aide, de subvention et cr\u00e9dits d&rsquo;impots<\/li><\/ul>\n\n\n\n<div class=\"wp-block-themeisle-blocks-advanced-columns has-2-columns has-desktop-equal-layout has-tablet-equal-layout has-mobile-collapsedRows-layout has-default-gap has-vertical-unset\" id=\"wp-block-themeisle-blocks-advanced-columns-428a4552\"><div class=\"wp-block-themeisle-blocks-advanced-columns-overlay\"><\/div><div class=\"innerblocks-wrap\">\n<div class=\"wp-block-themeisle-blocks-advanced-column\" id=\"wp-block-themeisle-blocks-advanced-column-e51ea81e\">\n<figure class=\"wp-block-image size-large\"><img loading=\"lazy\" decoding=\"async\" width=\"518\" height=\"389\" src=\"http:\/\/www.optimaison.fr\/wp-content\/uploads\/2021\/04\/MAISON-5-THERMO-1.jpg\" alt=\"\" class=\"wp-image-170\" srcset=\"http:\/\/www.optimaison.fr\/wp-content\/uploads\/2021\/04\/MAISON-5-THERMO-1.jpg 518w, http:\/\/www.optimaison.fr\/wp-content\/uploads\/2021\/04\/MAISON-5-THERMO-1-300x225.jpg 300w\" sizes=\"auto, (max-width: 518px) 100vw, 518px\" \/><figcaption>Ce que nous voyons<\/figcaption><\/figure>\n<\/div>\n\n\n\n<div class=\"wp-block-themeisle-blocks-advanced-column\" id=\"wp-block-themeisle-blocks-advanced-column-639692c2\">\n<figure class=\"wp-block-image size-large\"><img loading=\"lazy\" decoding=\"async\" width=\"517\" height=\"389\" src=\"http:\/\/www.optimaison.fr\/wp-content\/uploads\/2021\/04\/MAISON-5-THERMO-2.jpg\" alt=\"\" class=\"wp-image-171\" srcset=\"http:\/\/www.optimaison.fr\/wp-content\/uploads\/2021\/04\/MAISON-5-THERMO-2.jpg 517w, http:\/\/www.optimaison.fr\/wp-content\/uploads\/2021\/04\/MAISON-5-THERMO-2-300x226.jpg 300w\" sizes=\"auto, (max-width: 517px) 100vw, 517px\" \/><figcaption>La r\u00e9alit\u00e9 thermique<\/figcaption><\/figure>\n<\/div>\n<\/div><\/div>\n\n\n\n<figure class=\"wp-block-image size-large\"><img loading=\"lazy\" decoding=\"async\" width=\"585\" height=\"245\" src=\"http:\/\/www.optimaison.fr\/wp-content\/uploads\/2021\/04\/thermographie-electrique.jpg\" alt=\"\" class=\"wp-image-176\" srcset=\"http:\/\/www.optimaison.fr\/wp-content\/uploads\/2021\/04\/thermographie-electrique.jpg 585w, http:\/\/www.optimaison.fr\/wp-content\/uploads\/2021\/04\/thermographie-electrique-300x126.jpg 300w\" sizes=\"auto, (max-width: 585px) 100vw, 585px\" \/><\/figure>\n","protected":false},"excerpt":{"rendered":"<p>Votre maison est trop \u00e9nergivore&#8230; Vous souhaitez faire des \u00e9conomies sur vos factures d&rsquo;\u00e9nergie mais ne savez pas comment vous y prendre ? Optimaison \u00e9value gr\u00e2ce \u00e0 une cam\u00e9ra thermique votre habitation, analyse les diff\u00e9rentes pistes d&rsquo;am\u00e9lioration et vous pr\u00e9conise les travaux les plus adapt\u00e9s \u00e0 votre situation Analyse de [&hellip;]<\/p>\n","protected":false},"author":1,"featured_media":178,"parent":2,"menu_order":0,"comment_status":"closed","ping_status":"closed","template":"","meta":{"footnotes":""},"class_list":["post-159","page","type-page","status-publish","has-post-thumbnail","hentry"],"_links":{"self":[{"href":"http:\/\/www.optimaison.fr\/index.php\/wp-json\/wp\/v2\/pages\/159","targetHints":{"allow":["GET"]}}],"collection":[{"href":"http:\/\/www.optimaison.fr\/index.php\/wp-json\/wp\/v2\/pages"}],"about":[{"href":"http:\/\/www.optimaison.fr\/index.php\/wp-json\/wp\/v2\/types\/page"}],"author":[{"embeddable":true,"href":"http:\/\/www.optimaison.fr\/index.php\/wp-json\/wp\/v2\/users\/1"}],"replies":[{"embeddable":true,"href":"http:\/\/www.optimaison.fr\/index.php\/wp-json\/wp\/v2\/comments?post=159"}],"version-history":[{"count":7,"href":"http:\/\/www.optimaison.fr\/index.php\/wp-json\/wp\/v2\/pages\/159\/revisions"}],"predecessor-version":[{"id":260,"href":"http:\/\/www.optimaison.fr\/index.php\/wp-json\/wp\/v2\/pages\/159\/revisions\/260"}],"up":[{"embeddable":true,"href":"http:\/\/www.optimaison.fr\/index.php\/wp-json\/wp\/v2\/pages\/2"}],"wp:featuredmedia":[{"embeddable":true,"href":"http:\/\/www.optimaison.fr\/index.php\/wp-json\/wp\/v2\/media\/178"}],"wp:attachment":[{"href":"http:\/\/www.optimaison.fr\/index.php\/wp-json\/wp\/v2\/media?parent=159"}],"curies":[{"name":"wp","href":"https:\/\/api.w.org\/{rel}","templated":true}]}}