{"id":2,"date":"2021-01-04T17:12:33","date_gmt":"2021-01-04T16:12:33","guid":{"rendered":"http:\/\/www.optimaison.fr\/?page_id=2"},"modified":"2021-04-13T11:11:00","modified_gmt":"2021-04-13T09:11:00","slug":"page-d-exemple","status":"publish","type":"page","link":"http:\/\/www.optimaison.fr\/index.php\/page-d-exemple\/","title":{"rendered":"Expertises"},"content":{"rendered":"\n<div class=\"wp-block-themeisle-blocks-advanced-columns has-2-columns has-desktop-equal-layout has-tablet-equal-layout has-mobile-collapsedRows-layout has-default-gap has-vertical-unset\" id=\"wp-block-themeisle-blocks-advanced-columns-8303eeca\"><div class=\"wp-block-themeisle-blocks-advanced-columns-overlay\"><\/div><div class=\"innerblocks-wrap\">\n<div class=\"wp-block-themeisle-blocks-advanced-column\" id=\"wp-block-themeisle-blocks-advanced-column-5b6d1e83\">\n<figure class=\"wp-block-image size-large is-resized\"><a href=\"\/\/www.optimaison.fr\/index.php\/transformation\/\"><img loading=\"lazy\" decoding=\"async\" src=\"http:\/\/www.optimaison.fr\/wp-content\/uploads\/2021\/04\/MAISON-2-int-APRES-1024x765.jpg\" alt=\"\" class=\"wp-image-132\" width=\"309\" height=\"230\" srcset=\"http:\/\/www.optimaison.fr\/wp-content\/uploads\/2021\/04\/MAISON-2-int-APRES-1024x765.jpg 1024w, http:\/\/www.optimaison.fr\/wp-content\/uploads\/2021\/04\/MAISON-2-int-APRES-300x224.jpg 300w, http:\/\/www.optimaison.fr\/wp-content\/uploads\/2021\/04\/MAISON-2-int-APRES-768x574.jpg 768w, http:\/\/www.optimaison.fr\/wp-content\/uploads\/2021\/04\/MAISON-2-int-APRES-1536x1147.jpg 1536w, http:\/\/www.optimaison.fr\/wp-content\/uploads\/2021\/04\/MAISON-2-int-APRES-2048x1530.jpg 2048w\" sizes=\"auto, (max-width: 309px) 100vw, 309px\" \/><\/a><\/figure>\n<\/div>\n\n\n\n<div class=\"wp-block-themeisle-blocks-advanced-column\" id=\"wp-block-themeisle-blocks-advanced-column-214e4122\">\n<h2 class=\"has-accent-color has-text-color wp-block-heading\">Transformation<\/h2>\n\n\n\n<p>Vous souhaitez modifier votre maison pour l&rsquo;adapter \u00e0 vos besoins ou vos envies.<\/p>\n\n\n\n<p><a href=\"http:\/\/www.optimaison.fr\/index.php\/transformation\/\" data-type=\"URL\" data-id=\"http:\/\/www.optimaison.fr\/index.php\/transformation\/\">D\u00e9couvrez nos solutions<\/a><\/p>\n<\/div>\n<\/div><\/div>\n\n\n\n<div class=\"wp-block-themeisle-blocks-advanced-columns has-2-columns has-desktop-oneTwo-layout has-tablet-equal-layout has-mobile-collapsedRows-layout has-default-gap has-vertical-unset\" id=\"wp-block-themeisle-blocks-advanced-columns-0bdb1d5b\"><div class=\"wp-block-themeisle-blocks-advanced-columns-overlay\"><\/div><div class=\"innerblocks-wrap\">\n<div class=\"wp-block-themeisle-blocks-advanced-column\" id=\"wp-block-themeisle-blocks-advanced-column-d1e0b710\">\n<h2 class=\"has-accent-color has-text-color wp-block-heading\">Am\u00e9nagement<\/h2>\n\n\n\n<p>Vous avez trouv\u00e9 la maison de vos r\u00eaves, mais elle ne r\u00e9pond pas tout \u00e0 fait \u00e0 vos crit\u00e8res<\/p>\n\n\n\n<p><a href=\"http:\/\/www.optimaison.fr\/index.php\/amenagement\/\">D\u00e9couvrez comment transformer votre r\u00eave en projet concret <\/a><\/p>\n<\/div>\n\n\n\n<div class=\"wp-block-themeisle-blocks-advanced-column\" id=\"wp-block-themeisle-blocks-advanced-column-b939fcc6\">\n<figure class=\"wp-block-image size-large is-resized\"><a href=\"http:\/\/www.optimaison.fr\/index.php\/amenagement\/\"><img loading=\"lazy\" decoding=\"async\" src=\"http:\/\/www.optimaison.fr\/wp-content\/uploads\/2021\/04\/MAISON-1-APRES-2.jpg\" alt=\"\" class=\"wp-image-145\" width=\"279\" height=\"436\" srcset=\"http:\/\/www.optimaison.fr\/wp-content\/uploads\/2021\/04\/MAISON-1-APRES-2.jpg 475w, http:\/\/www.optimaison.fr\/wp-content\/uploads\/2021\/04\/MAISON-1-APRES-2-192x300.jpg 192w\" sizes=\"auto, (max-width: 279px) 100vw, 279px\" \/><\/a><\/figure>\n<\/div>\n<\/div><\/div>\n\n\n\n<div class=\"wp-block-themeisle-blocks-advanced-columns has-2-columns has-desktop-twoOne-layout has-tablet-equal-layout has-mobile-collapsedRows-layout has-default-gap has-vertical-unset\" id=\"wp-block-themeisle-blocks-advanced-columns-867e31db\"><div class=\"wp-block-themeisle-blocks-advanced-columns-overlay\"><\/div><div class=\"innerblocks-wrap\">\n<div class=\"wp-block-themeisle-blocks-advanced-column\" id=\"wp-block-themeisle-blocks-advanced-column-3d61c3ba\">\n<figure class=\"wp-block-image size-large is-resized\"><a href=\"http:\/\/www.optimaison.fr\/index.php\/construction\/\"><img loading=\"lazy\" decoding=\"async\" src=\"http:\/\/www.optimaison.fr\/wp-content\/uploads\/2021\/04\/IMG_5753-1024x768.jpg\" alt=\"\" class=\"wp-image-166\" width=\"391\" height=\"293\" srcset=\"http:\/\/www.optimaison.fr\/wp-content\/uploads\/2021\/04\/IMG_5753-1024x768.jpg 1024w, http:\/\/www.optimaison.fr\/wp-content\/uploads\/2021\/04\/IMG_5753-300x225.jpg 300w, http:\/\/www.optimaison.fr\/wp-content\/uploads\/2021\/04\/IMG_5753-768x576.jpg 768w, http:\/\/www.optimaison.fr\/wp-content\/uploads\/2021\/04\/IMG_5753-1536x1152.jpg 1536w, http:\/\/www.optimaison.fr\/wp-content\/uploads\/2021\/04\/IMG_5753.jpg 2016w\" sizes=\"auto, (max-width: 391px) 100vw, 391px\" \/><\/a><\/figure>\n<\/div>\n\n\n\n<div class=\"wp-block-themeisle-blocks-advanced-column\" id=\"wp-block-themeisle-blocks-advanced-column-c082ab9e\">\n<h2 class=\"has-accent-color has-text-color wp-block-heading\">Construction<\/h2>\n\n\n\n<p>Vous avez imagin\u00e9 votre maison, il vous faut un accompagnement professionnel pour la construire<\/p>\n\n\n\n<p><a href=\"http:\/\/www.optimaison.fr\/index.php\/construction\/\">Nos propositions d&rsquo;accompagnement sur mesure<\/a><\/p>\n<\/div>\n<\/div><\/div>\n\n\n\n<div class=\"wp-block-themeisle-blocks-advanced-columns has-2-columns has-desktop-oneTwo-layout has-tablet-equal-layout has-mobile-collapsedRows-layout has-default-gap has-vertical-unset\" id=\"wp-block-themeisle-blocks-advanced-columns-acdd045e\"><div class=\"wp-block-themeisle-blocks-advanced-columns-overlay\"><\/div><div class=\"innerblocks-wrap\">\n<div class=\"wp-block-themeisle-blocks-advanced-column\" id=\"wp-block-themeisle-blocks-advanced-column-e6fb73de\">\n<h2 class=\"has-accent-color has-text-color wp-block-heading\">Economies<\/h2>\n\n\n\n<p>Vous souhaitez faire des \u00e9conomies d&rsquo;\u00e9nergie mais ne savez pas comment vous y prendre<\/p>\n\n\n\n<p><a href=\"http:\/\/www.optimaison.fr\/index.php\/economies\/\">D\u00e9couvrez nos prestations<\/a><\/p>\n<\/div>\n\n\n\n<div class=\"wp-block-themeisle-blocks-advanced-column\" id=\"wp-block-themeisle-blocks-advanced-column-b317da0d\">\n<figure class=\"wp-block-image size-large is-resized\"><a href=\"http:\/\/www.optimaison.fr\/index.php\/economies\/\"><img loading=\"lazy\" decoding=\"async\" src=\"http:\/\/www.optimaison.fr\/wp-content\/uploads\/2021\/04\/pircto30.png\" alt=\"\" class=\"wp-image-96\" width=\"247\" height=\"247\"\/><\/a><\/figure>\n<\/div>\n<\/div><\/div>\n","protected":false},"excerpt":{"rendered":"","protected":false},"author":1,"featured_media":0,"parent":0,"menu_order":0,"comment_status":"closed","ping_status":"open","template":"","meta":{"footnotes":""},"class_list":["post-2","page","type-page","status-publish","hentry"],"_links":{"self":[{"href":"http:\/\/www.optimaison.fr\/index.php\/wp-json\/wp\/v2\/pages\/2","targetHints":{"allow":["GET"]}}],"collection":[{"href":"http:\/\/www.optimaison.fr\/index.php\/wp-json\/wp\/v2\/pages"}],"about":[{"href":"http:\/\/www.optimaison.fr\/index.php\/wp-json\/wp\/v2\/types\/page"}],"author":[{"embeddable":true,"href":"http:\/\/www.optimaison.fr\/index.php\/wp-json\/wp\/v2\/users\/1"}],"replies":[{"embeddable":true,"href":"http:\/\/www.optimaison.fr\/index.php\/wp-json\/wp\/v2\/comments?post=2"}],"version-history":[{"count":3,"href":"http:\/\/www.optimaison.fr\/index.php\/wp-json\/wp\/v2\/pages\/2\/revisions"}],"predecessor-version":[{"id":181,"href":"http:\/\/www.optimaison.fr\/index.php\/wp-json\/wp\/v2\/pages\/2\/revisions\/181"}],"wp:attachment":[{"href":"http:\/\/www.optimaison.fr\/index.php\/wp-json\/wp\/v2\/media?parent=2"}],"curies":[{"name":"wp","href":"https:\/\/api.w.org\/{rel}","templated":true}]}}