{"id":6,"date":"2021-01-04T17:21:37","date_gmt":"2021-01-04T16:21:37","guid":{"rendered":"http:\/\/www.optimaison.fr\/?page_id=6"},"modified":"2025-11-27T11:36:56","modified_gmt":"2025-11-27T10:36:56","slug":"prestation","status":"publish","type":"page","link":"http:\/\/www.optimaison.fr\/index.php\/prestation\/","title":{"rendered":"Prestations"},"content":{"rendered":"\n<div class=\"wp-block-group alignwide\"><div class=\"wp-block-group__inner-container is-layout-flow wp-block-group-is-layout-flow\">\n<h2 class=\"wp-block-heading has-text-align-center\">Besoin d&rsquo;une prestation en particulier ?<\/h2>\n\n\n\n<p><\/p>\n<\/div><\/div>\n\n\n\n<div class=\"wp-block-group alignwide\"><div class=\"wp-block-group__inner-container is-layout-flow wp-block-group-is-layout-flow\">\n<h2 class=\"wp-block-heading has-text-align-center has-accent-color has-text-color\">&nbsp;De l&rsquo;id\u00e9e \u00e0 la r\u00e9alisation, une prestation \u00e0 la carte ou un accompagnement sur mesure suivant vos envies et vos besoins<\/h2>\n\n\n\n<ul class=\"wp-block-list\">\n<li>Contre visite technique avant achat<\/li>\n\n\n\n<li>Plan d&rsquo;implantation ou d&rsquo;am\u00e9nagement<\/li>\n\n\n\n<li>R\u00e9alisation de permis de construire, d&rsquo;autorisation de travaux<\/li>\n\n\n\n<li>R\u00e9daction de pr\u00e9conisations techniques<\/li>\n\n\n\n<li>Demande de devis aux artisans<\/li>\n\n\n\n<li>Comparaison et explications des devis des artisans<\/li>\n\n\n\n<li>Proposition de solutions alternatives pour r\u00e9duire les couts<\/li>\n\n\n\n<li>Suivi de chantier partiel ou complet<\/li>\n\n\n\n<li>Analyse \u00e0 la cam\u00e9ra thermique des performances \u00e9nerg\u00e9tiques de votre logement<\/li>\n\n\n\n<li>V\u00e9rification thermique de votre tableau \u00e9lectrique, premi\u00e8re source d&rsquo;incendie des habitations<\/li>\n\n\n\n<li>Am\u00e9lioration des performances thermiques de votre logement avec priorisation des travaux \u00e0 r\u00e9aliser<\/li>\n<\/ul>\n<\/div><\/div>\n","protected":false},"excerpt":{"rendered":"<p>Besoin d&rsquo;une prestation en particulier ? &nbsp;De l&rsquo;id\u00e9e \u00e0 la r\u00e9alisation, une prestation \u00e0 la carte ou un accompagnement sur mesure suivant vos envies et vos besoins<\/p>\n","protected":false},"author":1,"featured_media":39,"parent":0,"menu_order":0,"comment_status":"closed","ping_status":"closed","template":"","meta":{"footnotes":""},"class_list":["post-6","page","type-page","status-publish","has-post-thumbnail","hentry"],"_links":{"self":[{"href":"http:\/\/www.optimaison.fr\/index.php\/wp-json\/wp\/v2\/pages\/6","targetHints":{"allow":["GET"]}}],"collection":[{"href":"http:\/\/www.optimaison.fr\/index.php\/wp-json\/wp\/v2\/pages"}],"about":[{"href":"http:\/\/www.optimaison.fr\/index.php\/wp-json\/wp\/v2\/types\/page"}],"author":[{"embeddable":true,"href":"http:\/\/www.optimaison.fr\/index.php\/wp-json\/wp\/v2\/users\/1"}],"replies":[{"embeddable":true,"href":"http:\/\/www.optimaison.fr\/index.php\/wp-json\/wp\/v2\/comments?post=6"}],"version-history":[{"count":12,"href":"http:\/\/www.optimaison.fr\/index.php\/wp-json\/wp\/v2\/pages\/6\/revisions"}],"predecessor-version":[{"id":283,"href":"http:\/\/www.optimaison.fr\/index.php\/wp-json\/wp\/v2\/pages\/6\/revisions\/283"}],"wp:featuredmedia":[{"embeddable":true,"href":"http:\/\/www.optimaison.fr\/index.php\/wp-json\/wp\/v2\/media\/39"}],"wp:attachment":[{"href":"http:\/\/www.optimaison.fr\/index.php\/wp-json\/wp\/v2\/media?parent=6"}],"curies":[{"name":"wp","href":"https:\/\/api.w.org\/{rel}","templated":true}]}}